{"id":3665,"date":"2021-10-27T19:45:46","date_gmt":"2021-10-27T18:45:46","guid":{"rendered":"https:\/\/naturopathe35.fr\/?page_id=3665"},"modified":"2021-10-27T19:45:46","modified_gmt":"2021-10-27T18:45:46","slug":"cgv","status":"publish","type":"page","link":"https:\/\/naturopathe35.fr\/index.php\/cgv\/","title":{"rendered":"CGV"},"content":{"rendered":"<div class=\"fusion-fullwidth fullwidth-box fusion-builder-row-1 fusion-flex-container nonhundred-percent-fullwidth non-hundred-percent-height-scrolling\" style=\"--awb-border-radius-top-left:0px;--awb-border-radius-top-right:0px;--awb-border-radius-bottom-right:0px;--awb-border-radius-bottom-left:0px;--awb-flex-wrap:wrap;\" ><div class=\"fusion-builder-row fusion-row fusion-flex-align-items-flex-start fusion-flex-content-wrap\" style=\"max-width:1216.8px;margin-left: calc(-4% \/ 2 );margin-right: calc(-4% \/ 2 );\"><div class=\"fusion-layout-column fusion_builder_column fusion-builder-column-0 fusion_builder_column_1_1 1_1 fusion-flex-column\" style=\"--awb-bg-size:cover;--awb-width-large:100%;--awb-margin-top-large:0px;--awb-spacing-right-large:1.92%;--awb-margin-bottom-large:0px;--awb-spacing-left-large:1.92%;--awb-width-medium:100%;--awb-order-medium:0;--awb-spacing-right-medium:1.92%;--awb-spacing-left-medium:1.92%;--awb-width-small:100%;--awb-order-small:0;--awb-spacing-right-small:1.92%;--awb-spacing-left-small:1.92%;\"><div class=\"fusion-column-wrapper fusion-column-has-shadow fusion-flex-justify-content-flex-start fusion-content-layout-column\"><div class=\"fusion-text fusion-text-1\" style=\"--awb-text-transform:none;\"><h3 class=\"x_MsoNormal\">CONTRAT DE VENTE<\/h3>\n<p class=\"x_gmail-font8\">L\u2019entreprise Marjorie DECLOQUEMENT, est une micro-entreprise de profession lib\u00e9rale inscrite \u00e0 l\u2019URSSAF sous le N\u00b0 de SIRET 845\u00a0050\u00a0285 00012, dont le si\u00e8ge social est situ\u00e9 au 2, rue Neuve, 35580 BAULON<\/p>\n<p class=\"x_gmail-font8\">La micro-entreprise Marjorie DECLOQUEMENT est un prestataire de service dont les activit\u00e9s principales sont la Naturopathie.<\/p>\n<p class=\"x_gmail-font8\">Ci-apr\u00e8s d\u00e9nomm\u00e9e : \u00ab Marjorie DECLOQUEMENT \u00bb ou le Prestataire ; Et Le Client.<\/p>\n<p class=\"x_gmail-font8\">La lecture attentive et l\u2019acceptation de ces conditions g\u00e9n\u00e9rales de vente sont une obligation avant tout r\u00e9servation de prestations de services. Celles-ci en d\u00e9finissent les conditions.<\/p>\n<p class=\"x_gmail-font8\"><b><u>CLAUSE GENERALE<\/u><\/b><\/p>\n<p class=\"x_gmail-font8\">Les pr\u00e9sentes conditions g\u00e9n\u00e9rales de vente s\u2019appliquent \u00e0 tous services r\u00e9serv\u00e9s sur le site <a href=\"http:\/\/www.naturopathe35.fr\" target=\"_blank\" rel=\"noopener noreferrer\" data-auth=\"NotApplicable\" data-linkindex=\"0\">www.naturopathe35.fr<\/a><\/p>\n<p class=\"x_gmail-font8\">Tout client reconnait avoir pris connaissances des pr\u00e9sentes CGV avant d\u2019avoir effectu\u00e9 sa r\u00e9servation.<\/p>\n<p class=\"x_gmail-font8\">La prise de r\u00e9servation entra\u00eene l\u2019adh\u00e9sion du client aux CGV et leur acceptation sans r\u00e9serve.<\/p>\n<p class=\"x_gmail-font8\"><b><u>DESCRIPTION DU SERVICE<\/u><\/b><\/p>\n<p class=\"x_gmail-font8\">Les services suivants sont propos\u00e9s par Marjorie DECLOQUEMENT :<\/p>\n<p class=\"x_gmail-font8\">Consultations de naturopathie, atelier pour les parents massage b\u00e9b\u00e9 et enfants, massage bien-\u00eatre, r\u00e9flexologie plantaire. En tant qu\u2019infirmi\u00e8re dipl\u00f4m\u00e9e d\u2019\u00e9tat, Marjorie DECLOQUEMENT propose \u00e9galement en collaboration et sous prescription m\u00e9dicale la pratique de l\u2019hydrotomie percutan\u00e9e.<\/p>\n<p class=\"x_gmail-font8\"><b><u>ARTICLE 2 \u2013 Mentions l\u00e9gales<\/u><\/b><\/p>\n<p class=\"x_gmail-font8\">Les techniques pratiqu\u00e9es n\u2019ont aucune vis\u00e9e m\u00e9dicale et ne sont assimilables ni aux actes r\u00e9serv\u00e9s aux professions de sant\u00e9 r\u00e9glement\u00e9es par le Code de Sant\u00e9 Publique et au d\u00e9cret n\u00b096-879 du 8 octobre 1996. Elles sont praticables l\u00e9galement par tous.<\/p>\n<p class=\"x_gmail-font8\">Le, La client(e) s\u2019engage \u00e0 rester courtois, poli pendant les prestations, et \u00e0 ne pas faire de propositions d\u00e9plac\u00e9es concernant des prestations ill\u00e9gales, de ne pas \u00eatre entreprenant avec la prestataire, sous peine de poursuite judiciaire.<\/p>\n<p class=\"x_gmail-font8\"><b><u>ARTICLE 3 \u2013 R\u00e9servation<\/u><\/b><\/p>\n<p class=\"x_gmail-font8\">Le client peut passer par le site Internet <span class=\"x_gmail-MsoHyperlink\"><a href=\"http:\/\/www.naturopathe-a-brest.com\" target=\"_blank\" rel=\"noopener noreferrer\" data-auth=\"NotApplicable\" data-linkindex=\"1\">naturopathe35.fr<\/a><\/span> pour r\u00e9server une ou plusieurs prestations ou en passant par le site <a href=\"http:\/\/medoucine.com\" target=\"_blank\" rel=\"noopener noreferrer\" data-auth=\"NotApplicable\" data-linkindex=\"2\">medoucine.com<\/a> ou en t\u00e9l\u00e9phonant au num\u00e9ro 07.88.76.91.16<\/p>\n<p class=\"x_gmail-font8\">D\u00e9lais de r\u00e9tractation ; Par l&rsquo;article l221-18 du code de la consommation : Le consommateur dispose d\u2019un\u00a0d\u00e9lai de quatorze jours\u00a0pour exercer son droit de r\u00e9tractation d\u2019un contrat conclu \u00e0 distance, \u00e0 la suite d\u2019un d\u00e9marchage t\u00e9l\u00e9phonique ou hors \u00e9tablissement, sans avoir \u00e0 motiver sa d\u00e9cision ni \u00e0 supporter d\u2019autres co\u00fbts que ceux pr\u00e9vus aux articles\u00a0<span class=\"x_gmail-MsoHyperlink\"><a href=\"https:\/\/www.legifrance.gouv.fr\/affichCodeArticle.do?cidTexte=LEGITEXT000006069565&amp;idArticle=LEGIARTI000032221377&amp;dateTexte=&amp;categorieLien=cid\" target=\"_blank\" rel=\"noopener noreferrer\" data-auth=\"NotApplicable\" data-linkindex=\"3\">L.221-23 \u00e0 L. 221-25<\/a><\/span>.\u00a0Le d\u00e9lai court \u00e0 compter\u00a0du jour de la conclusion du contrat, pour les contrats de prestation de services. Le jour de conclusion du contrat ne compte pas dans le d\u00e9lai. Si ce d\u00e9lai expire un samedi, un dimanche ou un jour f\u00e9ri\u00e9 ou ch\u00f4m\u00e9, il est prorog\u00e9 jusqu\u2019au premier jour ouvrable suivant.<\/p>\n<p class=\"x_gmail-font8\"><b><u>ARTICLE 4 \u2013 Prix, moyens et conditions de paiement<\/u><\/b><\/p>\n<p class=\"x_gmail-font8\">Les prix indiqu\u00e9s sur le site Internet sont exprim\u00e9s en Euros et TTC, et correspondent \u00e0 ceux en vigueur au jour de la commande.<\/p>\n<p class=\"x_gmail-font8\">Le paiement se fera le jour de la prestation par les moyens suivants :<\/p>\n<p class=\"x_gmail-font8\">\u00b7\u00a0\u00a0\u00a0\u00a0\u00a0\u00a0\u00a0\u00a0 Esp\u00e8ce<\/p>\n<p class=\"x_gmail-font8\">\u00b7\u00a0\u00a0\u00a0\u00a0\u00a0\u00a0\u00a0\u00a0 Ch\u00e8que<\/p>\n<p class=\"x_gmail-font8\">\u00b7\u00a0\u00a0\u00a0\u00a0\u00a0\u00a0\u00a0\u00a0 Carte bancaire<\/p>\n<p class=\"x_gmail-font8\"><b><u>ARTICLE 5 \u2013 Fourniture des prestations<\/u><\/b><\/p>\n<p class=\"x_gmail-font8\">Les services command\u00e9s par le Client seront fournis selon les indications du client (date, heure et lieu) lors de la prise de RDV.<\/p>\n<p class=\"x_gmail-font8\"><b><u>ARTICLE 6 \u2013 Report, annulation et modification d\u2019un rendez-vous<\/u><\/b><\/p>\n<p class=\"x_gmail-font8\">Dans le cas o\u00f9 la personne ne se pr\u00e9senterait pas au rendez-vous avec Madame Marjorie DECLOQUEMENT, la s\u00e9ance sera d\u00fb par le Client.<\/p>\n<p class=\"x_gmail-font8\">Un rendez-vous peut \u00eatre annul\u00e9 ou modifi\u00e9 sans co\u00fbt suppl\u00e9mentaire une fois en respectant en appelant Madame Marjorie DECLOQUEMENT par t\u00e9l\u00e9phone au 07.88.76.91.16<\/p>\n<p class=\"x_gmail-font8\"><b><u>ARTICLE 7 \u2013 Protection des informations personnelles<\/u><\/b><\/p>\n<p class=\"x_gmail-font8\">En application de la loi n\u00b0 78-17 du 6 janvier 1978, il est rappel\u00e9 que les donn\u00e9es nominatives qui sont demand\u00e9es au Client sont n\u00e9cessaires au traitement de sa commande et sont destin\u00e9es \u00e0 un usage interne par Madame Marjorie DECLOQUEMENT.<\/p>\n<p class=\"x_gmail-font8\">Ces donn\u00e9es nominatives ne seront pas transmises \u00e0 des tiers.<\/p>\n<p class=\"x_gmail-font8\">Le Client dispose d\u2019un droit d\u2019acc\u00e8s, de modification, de rectification et d\u2019opposition s\u2019agissant des informations le concernant, en faisant directement une demande par mail \u00e0 Madame Marjorie DECLOQUEMENT : <span class=\"x_gmail-MsoHyperlink\"><a href=\"mailto:naturellasante@gmail.com\" target=\"_blank\" rel=\"noopener noreferrer\" data-auth=\"NotApplicable\" data-linkindex=\"4\">naturellasante@gmail.com<\/a><\/span><\/p>\n<p class=\"x_gmail-font8\">Marjorie DECLOQUEMENT s&rsquo;engage \u00e0 ce que la collecte et le traitement de vos donn\u00e9es, effectu\u00e9s \u00e0 partir du site <a href=\"http:\/\/www.naturopathe-35.fr\" target=\"_blank\" rel=\"noopener noreferrer\" data-auth=\"NotApplicable\" data-linkindex=\"5\">www.naturopathe-35.fr<\/a>\u00a0 , soient conformes au r\u00e8glement g\u00e9n\u00e9ral sur la protection des donn\u00e9es (RGPD) et \u00e0 la loi Informatique et Libert\u00e9s.<\/p>\n<p class=\"x_gmail-font8\">Chaque formulaire ou t\u00e9l\u00e9service limite la collecte des donn\u00e9es personnelles au strict n\u00e9cessaire (minimisation des donn\u00e9es) et indique notamment :<\/p>\n<p class=\"x_gmail-font8\">&#8211; quels sont les objectifs du recueil de ces donn\u00e9es (finalit\u00e9s) ;<\/p>\n<p class=\"x_gmail-font8\">&#8211; si ces donn\u00e9es sont obligatoires ou facultatives pour la gestion de votre demande ;<\/p>\n<p class=\"x_gmail-font8\">&#8211; qui pourra en prendre connaissance (uniquement Marjorie DECLOQUEMENT en principe, sauf pr\u00e9cision dans le formulaire lorsqu&rsquo;une transmission \u00e0 un tiers est n\u00e9cessaire \u00e0 la gestion de votre demande) ;<\/p>\n<p class=\"x_gmail-font8\">&#8211; vos droits Informatique et Libert\u00e9s et la fa\u00e7on de les exercer aupr\u00e8s de Marjorie DECLOQUEMENT<\/p>\n<p class=\"x_gmail-font8\">Les donn\u00e9es personnelles recueillies dans le cadre des services propos\u00e9s sur <a href=\"http:\/\/www.naturopathe35.fr\" target=\"_blank\" rel=\"noopener noreferrer\" data-auth=\"NotApplicable\" data-linkindex=\"6\">www.naturopathe35.fr<\/a> sont trait\u00e9es selon des protocoles s\u00e9curis\u00e9s et permettent \u00e0 Marjorie DECLOQUEMENT de g\u00e9rer les demandes re\u00e7ues dans ses applications informatiques.<\/p>\n<p class=\"x_gmail-font8\">Pour toute information ou exercice de vos droits Informatique et Libert\u00e9s sur les traitements de donn\u00e9es personnelles g\u00e9r\u00e9s par Marjorie DECLOQUEMENT, vous pouvez le contacter par courrier sign\u00e9 accompagn\u00e9 de la copie d\u2019un titre d\u2019identit\u00e9 \u00e0 l&rsquo;adresse suivante :<\/p>\n<p class=\"x_gmail-font8\">Marjorie DECLOQUEMENT<\/p>\n<p class=\"x_gmail-font8\">20 rue Neuve<\/p>\n<p class=\"x_gmail-font8\">35580 BAULON<\/p>\n<p class=\"x_gmail-font8\"><b><u>ARTICLE 8 \u2013 Propri\u00e9t\u00e9 intellectuelle<\/u><\/b><\/p>\n<p class=\"x_gmail-font8\">Tous les documents, textes et autres informations (images, photos) sont soit la propri\u00e9t\u00e9 exclusive de Marjorie DECLOQUEMENT soit par la banque d\u2019images canva PRO. Toute repr\u00e9sentation totale ou partielle de ce site est soumise \u00e0 l\u2019autorisation pr\u00e9alable, \u00e9crite et expresse de Marjorie DECLOQUEMENT. A ce titre, la reproduction et la diffusion sans autorisation pr\u00e9alable de Marjorie DECLOQUEMENT sont interdites conform\u00e9ment aux dispositions de l\u2019article L.122-4 du code de la propri\u00e9t\u00e9 intellectuelle.<\/p>\n<p class=\"x_gmail-font8\"><b><u>ARTICLE 9 \u2013 Droit applicable<\/u><\/b><\/p>\n<p class=\"x_gmail-font8\">Les Conditions G\u00e9n\u00e9rales de Ventes sont soumises \u00e0 la loi fran\u00e7aise ainsi que tous les litiges relatifs, notamment, \u00e0 leur validit\u00e9, leur interpr\u00e9tation, leur ex\u00e9cution ou leur r\u00e9siliation.<\/p>\n<p class=\"x_gmail-font8\"><b><u>ARTICLE 9 \u2013 M\u00e9diation<\/u><\/b><\/p>\n<p class=\"x_gmail-font8\">Conform\u00e9ment aux articles L.616-1 et R.616-1 du code de la consommation, nous proposons un dispositif de m\u00e9diation de la consommation. L&rsquo;entit\u00e9 de m\u00e9diation retenue est : CNPM &#8211; MEDIATION DE LA CONSOMMATION. En cas de litige, vous pouvez d\u00e9poser votre r\u00e9clamation sur son site : <span class=\"x_gmail-MsoHyperlink\"><a href=\"https:\/\/cnpm-mediation-consommation.eu\" target=\"_blank\" rel=\"noopener noreferrer\" data-auth=\"NotApplicable\" data-linkindex=\"7\">https:\/\/cnpm-mediation-consommation.eu<\/a><\/span> ou par voie postale en \u00e9crivant \u00e0 CNPM &#8211; MEDIATION &#8211; CONSOMMATION &#8211; 27 avenue de la lib\u00e9ration &#8211; 42400 Saint-Chamond.<\/p>\n<p class=\"x_gmail-font8\"><b><u>AVERTISSEMENT<\/u><\/b><\/p>\n<p class=\"x_gmail-font8\">En cas de grossesse ou pathologie grave et quel que soit la prestation, il est recommand\u00e9 aux clients de demander l\u2019avis pr\u00e9alable de son m\u00e9decin. Il en est de m\u00eame pour les personnes fragiles, comme par exemple sans que cette liste ne soit consid\u00e9r\u00e9e comme limitative, les personnes \u00e2g\u00e9es, les personnes ayant des probl\u00e8mes cardiologiques ou de tension, les personnes sujettes \u00e0 des allergies, etc.<\/p>\n<p class=\"x_gmail-font8\">Les conseils et recommandations prodigu\u00e9s par Madame Marjorie DECLOQUEMENT ne remplacent en aucun cas l\u2019avis d\u2019un m\u00e9decin. Avant d\u2019interrompre ou modifier tout traitement m\u00e9dical, le Client doit se r\u00e9f\u00e9rer \u00e0 son m\u00e9decin traitant. La naturopathie et la r\u00e9flexologie sont des approches compl\u00e9mentaires et non alternatives \u00e0 la m\u00e9decine traditionnelle.<\/p>\n<\/div><\/div><\/div><\/div><\/div>\n","protected":false},"excerpt":{"rendered":"","protected":false},"author":1,"featured_media":0,"parent":0,"menu_order":0,"comment_status":"closed","ping_status":"closed","template":"","meta":{"content-type":"","_monsterinsights_skip_tracking":false,"_monsterinsights_sitenote_active":false,"_monsterinsights_sitenote_note":"","_monsterinsights_sitenote_category":0,"footnotes":""},"class_list":["post-3665","page","type-page","status-publish","hentry"],"yoast_head":"<!-- This site is optimized with the Yoast SEO plugin v24.1 - https:\/\/yoast.com\/wordpress\/plugins\/seo\/ -->\n<title>CGV - Sant\u00e9Onaturel<\/title>\n<meta name=\"robots\" content=\"noindex, follow\" \/>\n<meta property=\"og:locale\" content=\"fr_FR\" \/>\n<meta property=\"og:type\" content=\"article\" \/>\n<meta property=\"og:title\" content=\"CGV - Sant\u00e9Onaturel\" \/>\n<meta property=\"og:url\" content=\"https:\/\/naturopathe35.fr\/index.php\/cgv\/\" \/>\n<meta property=\"og:site_name\" content=\"Sant\u00e9Onaturel\" \/>\n<meta property=\"article:publisher\" content=\"https:\/\/www.facebook.com\/pg\/marjoriedecloquement\/\" \/>\n<meta property=\"og:image\" content=\"https:\/\/naturopathe35.fr\/wp-content\/uploads\/2018\/11\/Marjorie_logo_Nom-e1556736866729.jpg\" \/>\n\t<meta property=\"og:image:width\" content=\"318\" \/>\n\t<meta property=\"og:image:height\" content=\"179\" \/>\n\t<meta property=\"og:image:type\" content=\"image\/jpeg\" \/>\n<meta name=\"twitter:card\" content=\"summary_large_image\" \/>\n<meta name=\"twitter:label1\" content=\"Dur\u00e9e de lecture estim\u00e9e\" \/>\n\t<meta name=\"twitter:data1\" content=\"6 minutes\" \/>\n<script type=\"application\/ld+json\" class=\"yoast-schema-graph\">{\"@context\":\"https:\/\/schema.org\",\"@graph\":[{\"@type\":\"WebPage\",\"@id\":\"https:\/\/naturopathe35.fr\/index.php\/cgv\/\",\"url\":\"https:\/\/naturopathe35.fr\/index.php\/cgv\/\",\"name\":\"CGV - Sant\u00e9Onaturel\",\"isPartOf\":{\"@id\":\"https:\/\/naturopathe35.fr\/#website\"},\"datePublished\":\"2021-10-27T18:45:46+00:00\",\"dateModified\":\"2021-10-27T18:45:46+00:00\",\"breadcrumb\":{\"@id\":\"https:\/\/naturopathe35.fr\/index.php\/cgv\/#breadcrumb\"},\"inLanguage\":\"fr-FR\",\"potentialAction\":[{\"@type\":\"ReadAction\",\"target\":[\"https:\/\/naturopathe35.fr\/index.php\/cgv\/\"]}]},{\"@type\":\"BreadcrumbList\",\"@id\":\"https:\/\/naturopathe35.fr\/index.php\/cgv\/#breadcrumb\",\"itemListElement\":[{\"@type\":\"ListItem\",\"position\":1,\"name\":\"Accueil\",\"item\":\"https:\/\/naturopathe35.fr\/\"},{\"@type\":\"ListItem\",\"position\":2,\"name\":\"CGV\"}]},{\"@type\":\"WebSite\",\"@id\":\"https:\/\/naturopathe35.fr\/#website\",\"url\":\"https:\/\/naturopathe35.fr\/\",\"name\":\"Sant\u00e9Onaturel\",\"description\":\"\",\"potentialAction\":[{\"@type\":\"SearchAction\",\"target\":{\"@type\":\"EntryPoint\",\"urlTemplate\":\"https:\/\/naturopathe35.fr\/?s={search_term_string}\"},\"query-input\":{\"@type\":\"PropertyValueSpecification\",\"valueRequired\":true,\"valueName\":\"search_term_string\"}}],\"inLanguage\":\"fr-FR\"}]}<\/script>\n<!-- \/ Yoast SEO plugin. -->","yoast_head_json":{"title":"CGV - Sant\u00e9Onaturel","robots":{"index":"noindex","follow":"follow"},"og_locale":"fr_FR","og_type":"article","og_title":"CGV - Sant\u00e9Onaturel","og_url":"https:\/\/naturopathe35.fr\/index.php\/cgv\/","og_site_name":"Sant\u00e9Onaturel","article_publisher":"https:\/\/www.facebook.com\/pg\/marjoriedecloquement\/","og_image":[{"width":318,"height":179,"url":"https:\/\/naturopathe35.fr\/wp-content\/uploads\/2018\/11\/Marjorie_logo_Nom-e1556736866729.jpg","type":"image\/jpeg"}],"twitter_card":"summary_large_image","twitter_misc":{"Dur\u00e9e de lecture estim\u00e9e":"6 minutes"},"schema":{"@context":"https:\/\/schema.org","@graph":[{"@type":"WebPage","@id":"https:\/\/naturopathe35.fr\/index.php\/cgv\/","url":"https:\/\/naturopathe35.fr\/index.php\/cgv\/","name":"CGV - Sant\u00e9Onaturel","isPartOf":{"@id":"https:\/\/naturopathe35.fr\/#website"},"datePublished":"2021-10-27T18:45:46+00:00","dateModified":"2021-10-27T18:45:46+00:00","breadcrumb":{"@id":"https:\/\/naturopathe35.fr\/index.php\/cgv\/#breadcrumb"},"inLanguage":"fr-FR","potentialAction":[{"@type":"ReadAction","target":["https:\/\/naturopathe35.fr\/index.php\/cgv\/"]}]},{"@type":"BreadcrumbList","@id":"https:\/\/naturopathe35.fr\/index.php\/cgv\/#breadcrumb","itemListElement":[{"@type":"ListItem","position":1,"name":"Accueil","item":"https:\/\/naturopathe35.fr\/"},{"@type":"ListItem","position":2,"name":"CGV"}]},{"@type":"WebSite","@id":"https:\/\/naturopathe35.fr\/#website","url":"https:\/\/naturopathe35.fr\/","name":"Sant\u00e9Onaturel","description":"","potentialAction":[{"@type":"SearchAction","target":{"@type":"EntryPoint","urlTemplate":"https:\/\/naturopathe35.fr\/?s={search_term_string}"},"query-input":{"@type":"PropertyValueSpecification","valueRequired":true,"valueName":"search_term_string"}}],"inLanguage":"fr-FR"}]}},"amp_enabled":true,"_links":{"self":[{"href":"https:\/\/naturopathe35.fr\/index.php\/wp-json\/wp\/v2\/pages\/3665","targetHints":{"allow":["GET"]}}],"collection":[{"href":"https:\/\/naturopathe35.fr\/index.php\/wp-json\/wp\/v2\/pages"}],"about":[{"href":"https:\/\/naturopathe35.fr\/index.php\/wp-json\/wp\/v2\/types\/page"}],"author":[{"embeddable":true,"href":"https:\/\/naturopathe35.fr\/index.php\/wp-json\/wp\/v2\/users\/1"}],"replies":[{"embeddable":true,"href":"https:\/\/naturopathe35.fr\/index.php\/wp-json\/wp\/v2\/comments?post=3665"}],"version-history":[{"count":2,"href":"https:\/\/naturopathe35.fr\/index.php\/wp-json\/wp\/v2\/pages\/3665\/revisions"}],"predecessor-version":[{"id":3667,"href":"https:\/\/naturopathe35.fr\/index.php\/wp-json\/wp\/v2\/pages\/3665\/revisions\/3667"}],"wp:attachment":[{"href":"https:\/\/naturopathe35.fr\/index.php\/wp-json\/wp\/v2\/media?parent=3665"}],"curies":[{"name":"wp","href":"https:\/\/api.w.org\/{rel}","templated":true}]}}